{"id":754,"date":"2019-01-18T23:06:07","date_gmt":"2019-01-18T23:06:07","guid":{"rendered":"http:\/\/www.sagirderbisegitimi.org\/?page_id=754"},"modified":"2019-01-18T23:06:07","modified_gmt":"2019-01-18T23:06:07","slug":"egitime-katilan-dernekler-ve-federasyonlar","status":"publish","type":"page","link":"https:\/\/www.sagirderbisegitimi.tsk2015.org.tr\/2018\/egitime-katilan-dernekler-ve-federasyonlar\/","title":{"rendered":"E\u011fitime Kat\u0131lan Dernekler ve Federasyonlar"},"content":{"rendered":"\n<p>\u00c7ANKIRI \u0130\u015e\u0130TME ENGELL\u0130LER SPOR DERNE\u011e\u0130<\/p>\n\n\n\n<p>T\u00dcRK\u0130YE \u0130\u015e\u0130TME ENGELL\u0130LER DERNE\u011e\u0130 <\/p>\n\n\n\n<p>DEN\u0130ZL\u0130 \u0130\u015e\u0130TME ENGELL\u0130LER SPOR KUL\u00dcB\u00dc<\/p>\n\n\n\n<p>YEN\u0130MAHALLE SA\u011eIRLAR SPOR KUL\u00dcB\u00dc DERNE\u011e\u0130 <\/p>\n\n\n\n<p>YOZGAT \u0130\u015e\u0130TME ENGELL\u0130LER SPOR DERNE\u011e\u0130 <\/p>\n\n\n\n<p>D\u00dcNYA SA\u011eIRLAR \u0130SLAM FEDERASYONU <\/p>\n\n\n\n<p>YA\u015eAM \u0130\u015e\u0130TME ENGELL\u0130LER E\u011e\u0130T\u0130M DERNE\u011e\u0130<\/p>\n\n\n\n<p>U\u011eURLU \u0130\u015e\u0130TME ENGELL\u0130LER E\u011e\u0130T\u0130M DERNE\u011e\u0130 <\/p>\n\n\n\n<p>ESK\u0130\u015eEH\u0130R \u0130\u015e\u0130TME ENGELL\u0130LER SPOR KUL\u00dcB\u00dc DERNE\u011e\u0130 <\/p>\n\n\n\n<p>YEN\u0130MAHALLE SA\u011eIRLAR FEDERASYONU <\/p>\n\n\n\n<p>\u00c7ORUM \u0130\u015e\u0130TME ENGELL\u0130LER SPOR DERNE\u011e\u0130 <\/p>\n\n\n\n<p>DUMLUPINAR\n\u0130\u015e\u0130TME ENGELL\u0130LER SPOR KUL\u00dcB\u00dc DERNE\u011e\u0130<\/p>\n\n\n\n<p>SA\u011eIR\nKADINLAR FEDERASYONU<\/p>\n\n\n\n<p>SA\u011eIR\n\u00c7OCUK GEN\u00c7L\u0130K VE ER\u0130\u015e\u0130LEB\u0130L\u0130RL\u0130\u011e\u0130 FEDERASYONU<\/p>\n\n\n\n<p>\u0130STANBUL\nKOCAS\u0130NAN \u0130\u015eT\u0130TME ENGELL\u0130LER DERNE\u011e\u0130<\/p>\n\n\n\n<p>\u0130STANBUL\nSESS\u0130ZLER SPOR KUL\u00dcB\u00dc<\/p>\n\n\n\n<p>BURDUR\n\u0130\u015e\u0130TME ENGELL\u0130LER SPOR KUL\u00dcB\u00dc<\/p>\n\n\n\n<p>S\u0130NCAN\n\u0130\u015e\u0130TME ENGELL\u0130LER DERNE\u011e\u0130<\/p>\n\n\n\n<p>S\u0130NCAN\n\u0130\u015e\u0130TME ENGELL\u0130LER SPOR KULUB\u00dc<\/p>\n\n\n\n<p>YEN\u0130MAHALLE\nSA\u011eIRLAR GEN\u00c7L\u0130K SPOR KUL\u00dcB\u00dc <\/p>\n\n\n\n<p>YEN\u0130MAHALLE\nSA\u011eIRLAR DERNE\u011e\u0130 <\/p>\n","protected":false},"excerpt":{"rendered":"<p>\u00c7ANKIRI \u0130\u015e\u0130TME ENGELL\u0130LER SPOR DERNE\u011e\u0130 T\u00dcRK\u0130YE \u0130\u015e\u0130TME ENGELL\u0130LER DERNE\u011e\u0130 DEN\u0130ZL\u0130 \u0130\u015e\u0130TME ENGELL\u0130LER SPOR KUL\u00dcB\u00dc YEN\u0130MAHALLE SA\u011eIRLAR SPOR KUL\u00dcB\u00dc DERNE\u011e\u0130 YOZGAT \u0130\u015e\u0130TME ENGELL\u0130LER SPOR DERNE\u011e\u0130 D\u00dcNYA SA\u011eIRLAR \u0130SLAM FEDERASYONU YA\u015eAM \u0130\u015e\u0130TME ENGELL\u0130LER E\u011e\u0130T\u0130M DERNE\u011e\u0130 U\u011eURLU \u0130\u015e\u0130TME ENGELL\u0130LER E\u011e\u0130T\u0130M DERNE\u011e\u0130 ESK\u0130\u015eEH\u0130R \u0130\u015e\u0130TME ENGELL\u0130LER SPOR KUL\u00dcB\u00dc DERNE\u011e\u0130 YEN\u0130MAHALLE SA\u011eIRLAR FEDERASYONU \u00c7ORUM \u0130\u015e\u0130TME ENGELL\u0130LER SPOR DERNE\u011e\u0130 DUMLUPINAR \u0130\u015e\u0130TME ENGELL\u0130LER &hellip;<\/p>\n","protected":false},"author":1,"featured_media":0,"parent":0,"menu_order":0,"comment_status":"closed","ping_status":"closed","template":"","meta":{"footnotes":""},"class_list":["post-754","page","type-page","status-publish",""],"_links":{"self":[{"href":"https:\/\/www.sagirderbisegitimi.tsk2015.org.tr\/2018\/wp-json\/wp\/v2\/pages\/754","targetHints":{"allow":["GET"]}}],"collection":[{"href":"https:\/\/www.sagirderbisegitimi.tsk2015.org.tr\/2018\/wp-json\/wp\/v2\/pages"}],"about":[{"href":"https:\/\/www.sagirderbisegitimi.tsk2015.org.tr\/2018\/wp-json\/wp\/v2\/types\/page"}],"author":[{"embeddable":true,"href":"https:\/\/www.sagirderbisegitimi.tsk2015.org.tr\/2018\/wp-json\/wp\/v2\/users\/1"}],"replies":[{"embeddable":true,"href":"https:\/\/www.sagirderbisegitimi.tsk2015.org.tr\/2018\/wp-json\/wp\/v2\/comments?post=754"}],"version-history":[{"count":0,"href":"https:\/\/www.sagirderbisegitimi.tsk2015.org.tr\/2018\/wp-json\/wp\/v2\/pages\/754\/revisions"}],"wp:attachment":[{"href":"https:\/\/www.sagirderbisegitimi.tsk2015.org.tr\/2018\/wp-json\/wp\/v2\/media?parent=754"}],"curies":[{"name":"wp","href":"https:\/\/api.w.org\/{rel}","templated":true}]}}