{"id":752,"date":"2019-01-18T23:05:44","date_gmt":"2019-01-18T23:05:44","guid":{"rendered":"http:\/\/www.sagirderbisegitimi.org\/?page_id=752"},"modified":"2019-01-18T23:05:44","modified_gmt":"2019-01-18T23:05:44","slug":"konfederasyon-tanitimi","status":"publish","type":"page","link":"https:\/\/www.sagirderbisegitimi.tsk2015.org.tr\/2018\/konfederasyon-tanitimi\/","title":{"rendered":"Konfederasyon Tan\u0131t\u0131m\u0131"},"content":{"rendered":"\n<p><strong>T\u00dcRK\u0130YE SA\u011eIRLAR KONFEDERASYONU,<\/strong><\/p>\n\n\n\n<p>07 Eyl\u00fcl 2015 tarihinde yedi federasyon ve bu federasyonlara \u00fcye 140 dernekle kurulmu\u015ftur. Giderek b\u00fcy\u00fcyen konfederasyonumuz T\u00fcrkiye Sa\u011f\u0131r Spor Kul\u00fcpleri Federasyonu, Ankara Sa\u011f\u0131rlar Federasyonu, \u0130\u015fitme Engelliler Federasyonu, D\u00fcnya Sa\u011f\u0131rlar \u0130slam Federasyonu, Anadolu \u0130\u015faret Dili ve Eri\u015filebilirlik Federasyonu, Sa\u011f\u0131r \u00c7ocuk Gen\u00e7lik ve Eri\u015filebilirlik Federasyonu, Sa\u011f\u0131r Kad\u0131nlar Federasyonuna ba\u011fl\u0131 derneklerin bile\u015feni olan en \u00fcst kurumsal yap\u0131d\u0131r.<\/p>\n\n\n\n<p>Sa\u011f\u0131rlar ad\u0131na T\u00fcrkiye\u2019 de kurulmu\u015f olan tek ve ilk olman\u0131n gururu ile yapmay\u0131 planlad\u0131\u011f\u0131m\u0131z projelerimizde kurumla i\u015fbirli\u011fi halinde, sa\u011f\u0131rlar ad\u0131na yap\u0131lacak her t\u00fcrl\u00fc \u00e7al\u0131\u015fmada en \u00e7ok \u00fcye say\u0131s\u0131na sahip olan konfederasyonumuzla destek vererek sa\u011f\u0131rlar\u0131n sosyal, ekonomik, k\u00fclt\u00fcrel, hukuki, mesleki ve sportif y\u00f6nlerden sosyal ya\u015fama, topluma ve \u00e7al\u0131\u015fma hayat\u0131na kazand\u0131r\u0131lmas\u0131 i\u00e7in Anayasa, ilgili yasa ve y\u00f6netmeliklere uygun olarak ortak hak ve \u00e7\u0131karlar\u0131n\u0131 korumak ve geli\u015ftirmektir.<\/p>\n\n\n\n<p>\u00dclkemizde sa\u011f\u0131rlar ve i\u015faret dili ad\u0131na fark\u0131ndal\u0131k olu\u015fturulmas\u0131 ba\u015fta olmak \u00fczere, sosyal, k\u00fclt\u00fcrel, teknoloji, eri\u015filebilirlik, e\u011fitim ve istihdam ama\u00e7l\u0131 projeler ger\u00e7ekle\u015ftiren Konfederasyonumuzun hedef kitlesi sa\u011f\u0131rlar ve i\u015fitme engellilerdir. T\u00fcrk sa\u011f\u0131r toplumunun ma\u011fduriyetinin azalmas\u0131 ve \u00f6nlenmesi amac\u0131yla projeler \u00fcreterek toplumumuzla kayna\u015fmalar\u0131n\u0131 sa\u011flay\u0131p m\u00fcreffeh bir T\u00fcrkiye toplumu olu\u015fturmay\u0131 hedeflemekteyiz.<\/p>\n\n\n\n<p>T\u00fcrkiye Sa\u011f\u0131rlar Konfederasyonu ile \u0130\u015faret Dili Terc\u00fcmanlar\u0131 Derne\u011fi T\u00fcrk \u0130\u015faret Dili (T\u0130D) ile ilgili her t\u00fcrl\u00fc \u00e7al\u0131\u015fmada tam i\u015fbirli\u011fi yaparak, T\u0130D\u2019in do\u011fru ve yayg\u0131n olarak kullan\u0131lmas\u0131 amac\u0131yla yasal d\u00fczenlemeler, Terc\u00fcmanl\u0131k m\u00fcessesesinin sa\u011fl\u0131kl\u0131 \u00e7al\u0131\u015fmas\u0131 ve terc\u00fcmanl\u0131k eti\u011fi hakk\u0131nda \u00e7al\u0131\u015fmalar\u0131na devam etmektedir.<\/p>\n\n\n\n<p>Bu ama\u00e7la kurulmu\u015f olan T\u0130DBO (T\u00fcrk \u0130\u015faret Dili Bilim Onay Kurulu)\u2019nun asil \u00fcyesi olarak 2016 y\u0131l\u0131ndan bu yana yeni y\u00f6netmelik ve mevzuat \u00e7al\u0131\u015fmalar\u0131n\u0131 y\u00fcr\u00fctmekteyiz. Ayr\u0131ca EKPSS ve \u00d6SYM i\u00e7erisinde yer aralar i\u015fitme engelliler ve sa\u011f\u0131rlar\u0131n s\u0131nav sorular\u0131n\u0131n haz\u0131rlanmas\u0131nda da uzun s\u00fcredir g\u00f6rev yapmaktad\u0131r.<\/p>\n\n\n\n<p>\u0130\u00e7i\u015fleri Bakanl\u0131\u011f\u0131 Ankara Valili\u011fi Engelsiz 112 projesi T\u00fcrkiye\u2019nin t\u00fcm illerinde sa\u011f\u0131r vatanda\u015flara acil durumlarda tek kanaldan hizmet verecek olan projede Konfederasyon olarak geli\u015ftirme ve yayg\u0131nla\u015ft\u0131rma anlam\u0131nda halen \u00e7al\u0131\u015fmalara devam etmekteyiz.<\/p>\n\n\n\n<p>BTK (Bilgi Teknolojileri ve \u0130leti\u015fim Kurumu) ve RT\u00dcK (Radyo ve Televizyon \u00dcst Kurulu) \u0130le engelli vatanda\u015flar\u0131n bilgiye ve teknolojiye eri\u015filebilirlik hakk\u0131nda y\u00f6netmelik ve mevzuat \u00e7al\u0131\u015fmalar\u0131nda \u00f6nemli yol katetmekteyiz. Sa\u011f\u0131r toplumun i\u00e7erisinde onlar\u0131 en fazla rahats\u0131z eden konularda \u00e7\u00f6z\u00fcm \u00fcretme konusunda \u00e7abalar g\u00f6stererek, sa\u011f\u0131rlar\u0131 ayd\u0131nl\u0131k ve refah i\u00e7indeki gelece\u011fe ta\u015f\u0131yacak \u00e7al\u0131\u015fmalar\u0131 y\u00fcr\u00fcten tek Konfederasyon olman\u0131n gururuyla i\u015flerimizi y\u00fcr\u00fctmektedir.<\/p>\n\n\n\n<p>Konfederasyonumuz, Birle\u015fmi\u015f Milletler ve kurumlar\u0131, sa\u011f\u0131r ki\u015filerin ulusal \u00f6rg\u00fctleri ve ilgili payda\u015flarla ortakla\u015fa sa\u011f\u0131r insanlar\u0131n insan haklar\u0131n\u0131n ger\u00e7ekle\u015ftirilmesi i\u00e7in \u00e7al\u0131\u015fan WFD (World Federation of the Deaf) \u00fcyesidir.<\/p>\n\n\n\n<p>T\u00fcrkiye Sa\u011f\u0131rlar Konfederasyonu&nbsp;<strong>\u201cEri\u015filebilirlik Her yerde\u201d<\/strong>&nbsp;ana felsefesini benimseyerek 2019\u2019un eri\u015filebilirlik y\u0131l\u0131 ilan edildi\u011fi \u00fclkemizde Engellilerin hayat\u0131n i\u00e7inde etkin kat\u0131l\u0131mc\u0131lar olarak bulunmas\u0131n\u0131n \u00f6nemiyle engellilerin toplumsalla\u015fmas\u0131na imkan sa\u011flanmas\u0131 ve onlardan al\u0131nabilecek katk\u0131dan mahrum kal\u0131nmamas\u0131 ad\u0131na&nbsp;<strong>D\u00fcnya\u2019da \u201cBiz Olmadan, Bizim \u0130\u00e7in Asla\u201d<\/strong>&nbsp;\u0130lkesinin yank\u0131 buldu\u011funu da unutturmayarak hizmetlerin ve bilgilerin i\u015faret dilinde mevcut oldu\u011fu ileti\u015fim engelleri olmayan eri\u015filebilir bir toplum i\u00e7in \u00e7al\u0131\u015f\u0131r.<\/p>\n","protected":false},"excerpt":{"rendered":"<p>T\u00dcRK\u0130YE SA\u011eIRLAR KONFEDERASYONU, 07 Eyl\u00fcl 2015 tarihinde yedi federasyon ve bu federasyonlara \u00fcye 140 dernekle kurulmu\u015ftur. Giderek b\u00fcy\u00fcyen konfederasyonumuz T\u00fcrkiye Sa\u011f\u0131r Spor Kul\u00fcpleri Federasyonu, Ankara Sa\u011f\u0131rlar Federasyonu, \u0130\u015fitme Engelliler Federasyonu, D\u00fcnya Sa\u011f\u0131rlar \u0130slam Federasyonu, Anadolu \u0130\u015faret Dili ve Eri\u015filebilirlik Federasyonu, Sa\u011f\u0131r \u00c7ocuk Gen\u00e7lik ve Eri\u015filebilirlik Federasyonu, Sa\u011f\u0131r Kad\u0131nlar Federasyonuna ba\u011fl\u0131 derneklerin bile\u015feni olan en \u00fcst &hellip;<\/p>\n","protected":false},"author":1,"featured_media":0,"parent":0,"menu_order":0,"comment_status":"closed","ping_status":"closed","template":"","meta":{"footnotes":""},"class_list":["post-752","page","type-page","status-publish",""],"_links":{"self":[{"href":"https:\/\/www.sagirderbisegitimi.tsk2015.org.tr\/2018\/wp-json\/wp\/v2\/pages\/752","targetHints":{"allow":["GET"]}}],"collection":[{"href":"https:\/\/www.sagirderbisegitimi.tsk2015.org.tr\/2018\/wp-json\/wp\/v2\/pages"}],"about":[{"href":"https:\/\/www.sagirderbisegitimi.tsk2015.org.tr\/2018\/wp-json\/wp\/v2\/types\/page"}],"author":[{"embeddable":true,"href":"https:\/\/www.sagirderbisegitimi.tsk2015.org.tr\/2018\/wp-json\/wp\/v2\/users\/1"}],"replies":[{"embeddable":true,"href":"https:\/\/www.sagirderbisegitimi.tsk2015.org.tr\/2018\/wp-json\/wp\/v2\/comments?post=752"}],"version-history":[{"count":0,"href":"https:\/\/www.sagirderbisegitimi.tsk2015.org.tr\/2018\/wp-json\/wp\/v2\/pages\/752\/revisions"}],"wp:attachment":[{"href":"https:\/\/www.sagirderbisegitimi.tsk2015.org.tr\/2018\/wp-json\/wp\/v2\/media?parent=752"}],"curies":[{"name":"wp","href":"https:\/\/api.w.org\/{rel}","templated":true}]}}