{"id":749,"date":"2019-01-18T23:05:12","date_gmt":"2019-01-18T23:05:12","guid":{"rendered":"http:\/\/www.sagirderbisegitimi.org\/?page_id=749"},"modified":"2019-01-18T23:05:12","modified_gmt":"2019-01-18T23:05:12","slug":"iletisim","status":"publish","type":"page","link":"https:\/\/www.sagirderbisegitimi.tsk2015.org.tr\/2018\/iletisim\/","title":{"rendered":"\u0130leti\u015fim"},"content":{"rendered":"\n<center><iframe loading=\"lazy\" src=\"https:\/\/www.google.com\/maps\/embed?pb=!1m18!1m12!1m3!1d3059.8536558145274!2d32.852119115836054!3d39.92229107942568!2m3!1f0!2f0!3f0!3m2!1i1024!2i768!4f13.1!3m3!1m2!1s0x14d34f1dbc8526a7%3A0xdb9a63dc3fc5d470!2sSA%C4%9EIRLAR+KONFEDERASYONU!5e0!3m2!1str!2str!4v1530540579958\" width=\"800\" height=\"600\" allowfullscreen=\"allowfullscreen\"><\/iframe><\/center>\n\n\n\n<p class=\"has-medium-font-size\"><strong><strong>T\u00dcRK\u0130YE SA\u011eIRLAR KONFEDERASYONU\u00a0<\/strong><br><strong>Adres<\/strong>: <\/strong>K\u0131z\u0131lay Mahallesi S\u00fcmer-1 Sokak \u00dc\u00e7kok Apt. No : 14 kat 3 Daire 8 K\u0131z\u0131lay \u2013 \u00c7ankaya \/ Ankara<strong><br><strong>Telefon ve Faks:<\/strong>\u00a0<\/strong>0312 229 34 72<strong><br><strong>GSM:<\/strong>\u00a0<\/strong>0 532 336 45 83 (Whatsapp ve SMS ile ula\u015f\u0131n\u0131z)<br><strong><strong>Mail:<\/strong>\u00a0<\/strong>sagirlarkonfederasyonu@gmail.com<strong><br><strong>Mail:\u00a0<\/strong><\/strong>bilgi@tsk2015.org.tr<\/p>\n","protected":false},"excerpt":{"rendered":"<p>T\u00dcRK\u0130YE SA\u011eIRLAR KONFEDERASYONU\u00a0Adres: K\u0131z\u0131lay Mahallesi S\u00fcmer-1 Sokak \u00dc\u00e7kok Apt. No : 14 kat 3 Daire 8 K\u0131z\u0131lay \u2013 \u00c7ankaya \/ AnkaraTelefon ve Faks:\u00a00312 229 34 72GSM:\u00a00 532 336 45 83 (Whatsapp ve SMS ile ula\u015f\u0131n\u0131z)Mail:\u00a0sagirlarkonfederasyonu@gmail.comMail:\u00a0bilgi@tsk2015.org.tr<\/p>\n","protected":false},"author":1,"featured_media":0,"parent":0,"menu_order":0,"comment_status":"closed","ping_status":"closed","template":"","meta":{"footnotes":""},"class_list":["post-749","page","type-page","status-publish",""],"_links":{"self":[{"href":"https:\/\/www.sagirderbisegitimi.tsk2015.org.tr\/2018\/wp-json\/wp\/v2\/pages\/749","targetHints":{"allow":["GET"]}}],"collection":[{"href":"https:\/\/www.sagirderbisegitimi.tsk2015.org.tr\/2018\/wp-json\/wp\/v2\/pages"}],"about":[{"href":"https:\/\/www.sagirderbisegitimi.tsk2015.org.tr\/2018\/wp-json\/wp\/v2\/types\/page"}],"author":[{"embeddable":true,"href":"https:\/\/www.sagirderbisegitimi.tsk2015.org.tr\/2018\/wp-json\/wp\/v2\/users\/1"}],"replies":[{"embeddable":true,"href":"https:\/\/www.sagirderbisegitimi.tsk2015.org.tr\/2018\/wp-json\/wp\/v2\/comments?post=749"}],"version-history":[{"count":0,"href":"https:\/\/www.sagirderbisegitimi.tsk2015.org.tr\/2018\/wp-json\/wp\/v2\/pages\/749\/revisions"}],"wp:attachment":[{"href":"https:\/\/www.sagirderbisegitimi.tsk2015.org.tr\/2018\/wp-json\/wp\/v2\/media?parent=749"}],"curies":[{"name":"wp","href":"https:\/\/api.w.org\/{rel}","templated":true}]}}